{"id":11369,"date":"2023-08-11T18:17:45","date_gmt":"2023-08-12T01:17:45","guid":{"rendered":"https:\/\/inatai.org\/preguntas-frecuentes\/"},"modified":"2023-09-19T23:29:24","modified_gmt":"2023-09-19T23:29:24","slug":"preguntas-frecuentes","status":"publish","type":"page","link":"https:\/\/inatai.org\/es\/preguntas-frecuentes\/","title":{"rendered":"Preguntas frecuentes"},"content":{"rendered":"<p>[et_pb_section fb_built=\u00bb1&#8243; admin_label=\u00bbTBVS &#8211; Dark &#8211; Header 21&#8243; module_class=\u00bbtbvs-section-dark\u00bb _builder_version=\u00bb4.22.1&#8243; _module_preset=\u00bbdefault\u00bb background_enable_color=\u00bboff\u00bb background_image=\u00bbhttps:\/\/inatai.org\/wp-content\/uploads\/2023\/06\/Blue_Pattern_Seamless-scaled.jpg\u00bb background_position=\u00bbcenter_right\u00bb custom_padding=\u00bb3%||3%||true|false\u00bb locked=\u00bboff\u00bb global_colors_info=\u00bb{}\u00bb][et_pb_row _builder_version=\u00bb4.21.0&#8243; _module_preset=\u00bbdefault\u00bb width=\u00bb90%\u00bb max_width=\u00bb100%\u00bb custom_padding=\u00bb||2px||false|false\u00bb animation_style=\u00bbslide\u00bb animation_direction=\u00bbleft\u00bb animation_duration=\u00bb2000ms\u00bb animation_intensity_slide=\u00bb2%\u00bb global_colors_info=\u00bb{}\u00bb][et_pb_column type=\u00bb4_4&#8243; _builder_version=\u00bb4.16&#8243; _module_preset=\u00bbdefault\u00bb global_colors_info=\u00bb{}\u00bb][et_pb_text _builder_version=\u00bb4.21.2&#8243; _module_preset=\u00bbdefault\u00bb background_layout=\u00bbdark\u00bb max_width=\u00bb750px\u00bb custom_margin=\u00bb||5px||false|false\u00bb global_colors_info=\u00bb{}\u00bb]<\/p>\n<h3><span style=\"color: #cee1ce;\">Get To Know Inatai<\/span> <span style=\"color: #a58036;\">|<\/span> <span style=\"color: #cee1ce;\">PREGUNTAS FRECUENTES<\/span><\/h3>\n<p>[\/et_pb_text][et_pb_text _builder_version=\u00bb4.21.0&#8243; _module_preset=\u00bbdefault\u00bb header_text_color=\u00bb#FFFFFF\u00bb background_layout=\u00bbdark\u00bb max_width=\u00bb900px\u00bb custom_margin=\u00bb||2%||false|false\u00bb custom_padding=\u00bb||||false|false\u00bb global_colors_info=\u00bb{}\u00bb]<\/p>\n<h1>PREGUNTAS FRECUENTES<\/h1>\n<p>[\/et_pb_text][\/et_pb_column][\/et_pb_row][\/et_pb_section][et_pb_section fb_built=\u00bb1&#8243; _builder_version=\u00bb4.21.0&#8243; _module_preset=\u00bbdefault\u00bb custom_padding=\u00bb5%||5%||true|false\u00bb locked=\u00bboff\u00bb global_colors_info=\u00bb{}\u00bb][et_pb_row _builder_version=\u00bb4.21.0&#8243; _module_preset=\u00bbdefault\u00bb width_tablet=\u00bb\u00bb width_phone=\u00bb90%\u00bb width_last_edited=\u00bbon|phone\u00bb max_width=\u00bb1260px\u00bb custom_padding=\u00bb||0px|||\u00bb animation_style=\u00bbfade\u00bb animation_duration=\u00bb2000ms\u00bb locked=\u00bboff\u00bb global_colors_info=\u00bb{}\u00bb][et_pb_column type=\u00bb4_4&#8243; _builder_version=\u00bb4.21.0&#8243; _module_preset=\u00bbdefault\u00bb global_colors_info=\u00bb{}\u00bb][et_pb_toggle title=\u00bb\u00bfCu\u00e1l es la mejor manera de ponerte en contacto con Inatai Foundation? \u00bb open_toggle_text_color=\u00bb#363960&#8243; open_toggle_background_color=\u00bb#FFFFFF\u00bb closed_toggle_background_color=\u00bb#FFFFFF\u00bb icon_color=\u00bb#363960&#8243; toggle_icon=\u00bb&#x4c;||divi||400&#8243; use_icon_font_size=\u00bbon\u00bb icon_font_size=\u00bb32px\u00bb open_icon_color=\u00bb#363960&#8243; open_toggle_icon=\u00bb&#x4b;||divi||400&#8243; open_use_icon_font_size=\u00bbon\u00bb open_icon_font_size=\u00bb32px\u00bb _builder_version=\u00bb4.22.1&#8243; _module_preset=\u00bbdefault\u00bb title_text_color=\u00bb#363960&#8243; title_font=\u00bbSofia Sans Condensed|700|||||||\u00bb title_font_size=\u00bb26px\u00bb body_font=\u00bbSofia Sans||||||||\u00bb body_text_color=\u00bb#132027&#8243; body_font_size=\u00bb16px\u00bb body_link_font=\u00bb||||on||||\u00bb body_link_text_color=\u00bb#3A5D60&#8243; custom_margin=\u00bb||20px|||\u00bb border_width_all=\u00bb0px\u00bb border_width_bottom=\u00bb2px\u00bb border_color_bottom=\u00bb#A58036&#8243; global_colors_info=\u00bb{}\u00bb]<\/p>\n<p>La mejor manera de ponerte en contacto con nosotros es enviando un mensaje a <a href=\"mailto:hello@inatai.org\">hello@inatai.org<\/a>. Tu mensaje ser\u00e1 reenviado a la persona m\u00e1s indicada para responder a tu solicitud. Respondemos a todos los mensajes que recibimos.<\/p>\n<p>Si no tienes acceso a correo electr\u00f3nico, ll\u00e1manos gratuitamente al <a href=\"tel:8663895532\">(866) 389-5532<\/a>.<\/p>\n<p>Si formas parte de alg\u00fan medio de comunicaci\u00f3n, por favor env\u00eda un mensaje a <a href=\"mailto:communications@inatai.org\">communications@inatai.org<\/a>.<\/p>\n<p>[\/et_pb_toggle][et_pb_toggle title=\u00bb\u00bfC\u00f3mo se pronuncia &quot;inatai&quot; y qu\u00e9 significa?\u00bb open_toggle_text_color=\u00bb#363960&#8243; open_toggle_background_color=\u00bb#FFFFFF\u00bb closed_toggle_background_color=\u00bb#FFFFFF\u00bb icon_color=\u00bb#363960&#8243; toggle_icon=\u00bb&#x4c;||divi||400&#8243; use_icon_font_size=\u00bbon\u00bb icon_font_size=\u00bb32px\u00bb open_icon_color=\u00bb#363960&#8243; open_toggle_icon=\u00bb&#x4b;||divi||400&#8243; open_use_icon_font_size=\u00bbon\u00bb open_icon_font_size=\u00bb32px\u00bb _builder_version=\u00bb4.22.1&#8243; _module_preset=\u00bbdefault\u00bb title_text_color=\u00bb#363960&#8243; title_font=\u00bbSofia Sans Condensed|700|||||||\u00bb title_font_size=\u00bb26px\u00bb body_font=\u00bbSofia Sans||||||||\u00bb body_text_color=\u00bb#132027&#8243; body_font_size=\u00bb16px\u00bb body_link_font=\u00bb||||on||||\u00bb body_link_text_color=\u00bb#3A5D60&#8243; custom_margin=\u00bb||20px|||\u00bb border_width_all=\u00bb0px\u00bb border_width_bottom=\u00bb2px\u00bb border_color_bottom=\u00bb#A58036&#8243; global_colors_info=\u00bb{}\u00bb]<\/p>\n<p>Inatai se pronuncia tal como se escribe. You can hear how to say it here. Inatai is a Chinuk Wawa word that means \u201cacross\u201d or \u201cother side.\u201d<\/p>\n<p>Al nombrar nuestra fundaci\u00f3n de esta manera, expresamos nuestra creencia de que las comunidades poderosas que trabajan juntas har\u00e1n avanzar a nuestro estado hacia una mayor equidad y justicia. La Naci\u00f3n Chinook, heredera del pueblo chinookan de la desembocadura del r\u00edo Columbia, donde se origina la lengua Chinuk Wawa, nos permiti\u00f3 adoptar la palabra Inatai como nuestro nombre. En agradecimiento, mientras seamos Inatai Foundation, seguiremos aportando una contribuci\u00f3n anual a la Naci\u00f3n Chinook.<\/p>\n<p>&nbsp;<\/p>\n[et_pb_section global_module=\"11187\"][\/et_pb_section]\n<p>[\/et_pb_toggle][et_pb_toggle title=\u00bb\u00bfPor qu\u00e9 cambiaron su nombre de Group Health Foundation a Inatai Foundation?\u00bb open_toggle_text_color=\u00bb#363960&#8243; open_toggle_background_color=\u00bb#FFFFFF\u00bb closed_toggle_background_color=\u00bb#FFFFFF\u00bb icon_color=\u00bb#363960&#8243; toggle_icon=\u00bb&#x4c;||divi||400&#8243; use_icon_font_size=\u00bbon\u00bb icon_font_size=\u00bb32px\u00bb open_icon_color=\u00bb#363960&#8243; open_toggle_icon=\u00bb&#x4b;||divi||400&#8243; open_use_icon_font_size=\u00bbon\u00bb open_icon_font_size=\u00bb32px\u00bb _builder_version=\u00bb4.22.1&#8243; _module_preset=\u00bbdefault\u00bb title_text_color=\u00bb#363960&#8243; title_font=\u00bbSofia Sans Condensed|700|||||||\u00bb title_font_size=\u00bb26px\u00bb body_font=\u00bbSofia Sans||||||||\u00bb body_text_color=\u00bb#132027&#8243; body_font_size=\u00bb16px\u00bb body_link_font=\u00bb||||on||||\u00bb body_link_text_color=\u00bb#3A5D60&#8243; custom_margin=\u00bb||20px|||\u00bb hover_enabled=\u00bb0&#8243; border_width_all=\u00bb0px\u00bb border_width_bottom=\u00bb2px\u00bb border_color_bottom=\u00bb#A58036&#8243; global_colors_info=\u00bb{}\u00bb sticky_enabled=\u00bb0&#8243;]<\/p>\n<p>La fundaci\u00f3n se cre\u00f3 a partir de los beneficios obtenidos cuando Kaiser Permanente adquiri\u00f3 Group Health Cooperative. Desde el principio, nos trazamos tres objetivos: tener un alcance a nivel estatal, estar orientados a la comunidad y centrarnos en la equidad. Inspir\u00e1ndonos en nuestras ra\u00edces, el t\u00e9rmino equidad de salud fue el que utilizamos desde el principio y con ese fin, intentamos crear una definici\u00f3n m\u00e1s amplia de salud que incluyera algo m\u00e1s que la atenci\u00f3n sanitaria<\/p>\n<p>Cuando nos conectamos con los l\u00edderes comunitarios de todo Washington para escucharles, nos dimos cuenta de que la equidad sanitaria no era suficiente para albergar sus esperanzas y los sue\u00f1os de mejorar sus vidas y sus comunidades.<\/p>\n<p>Tambi\u00e9n afirmamos que lograr la equidad de cualquier tipo significaba lograr la justicia racial y estos son objetivos inseparables que hay que perseguir. Para responsabilizarnos m\u00e1s claramente de nuestra parte en el impulso de la justicia racial y rendir cuentas a los beneficiarios, revisamos nuestras declaraciones de misi\u00f3n y valores en 2022. Con esa revisi\u00f3n, empezamos a evolucionar m\u00e1s all\u00e1 de la salud. Nuestro nombre indicaba a muchas organizaciones que s\u00f3lo pod\u00edan optar a financiaci\u00f3n si trabajaban en el \u00e1mbito de la salud m\u00e9dica. El nombre \u00abGroup Health Foundation\u00bb nos dificultaba llegar a las organizaciones a las que quer\u00edamos llegar y por tal motivo <a href=\"https:\/\/inatai.org\/es\/news\/ahora-somos-inatai-foundation-un-nuevo-comienzo-en-una-evolucion-continua\/\" target=\"_blank\" rel=\"noopener\">cambiamos nuestro nombre<\/a> por el de Inatai Foundation.<\/p>\n<p>[\/et_pb_toggle][et_pb_toggle title=\u00bb\u00bfQu\u00e9 oportunidades de financiaci\u00f3n existen?\u00bb open_toggle_text_color=\u00bb#363960&#8243; open_toggle_background_color=\u00bb#FFFFFF\u00bb closed_toggle_background_color=\u00bb#FFFFFF\u00bb icon_color=\u00bb#363960&#8243; toggle_icon=\u00bb&#x4c;||divi||400&#8243; use_icon_font_size=\u00bbon\u00bb icon_font_size=\u00bb32px\u00bb open_icon_color=\u00bb#363960&#8243; open_toggle_icon=\u00bb&#x4b;||divi||400&#8243; open_use_icon_font_size=\u00bbon\u00bb open_icon_font_size=\u00bb32px\u00bb _builder_version=\u00bb4.22.1&#8243; _module_preset=\u00bbdefault\u00bb title_text_color=\u00bb#363960&#8243; title_font=\u00bbSofia Sans Condensed|700|||||||\u00bb title_font_size=\u00bb26px\u00bb body_font=\u00bbSofia Sans||||||||\u00bb body_text_color=\u00bb#132027&#8243; body_font_size=\u00bb16px\u00bb body_link_font=\u00bb||||on||||\u00bb body_link_text_color=\u00bb#3A5D60&#8243; custom_margin=\u00bb||20px|||\u00bb hover_enabled=\u00bb0&#8243; border_width_all=\u00bb0px\u00bb border_width_bottom=\u00bb2px\u00bb border_color_bottom=\u00bb#A58036&#8243; global_colors_info=\u00bb{}\u00bb sticky_enabled=\u00bb0&#8243;]<\/p>\n<p><span>Apoyamos a organizaciones y a proyectos patrocinados fiscalmente cuyo trabajo promueve la justicia y la equidad racial en Washington y en las comunidades colindantes del estado. Ofrecemos patrocinios para eventos y reuniones de forma continua. Para mantenerte al d\u00eda sobre las oportunidades de financiaci\u00f3n, <\/span><a href=\"https:\/\/inatai.org\/es\/conectate-con-nosotros\/\" target=\"_blank\" rel=\"noopener\"><span>suscr\u00edbete para recibir nuestros correos electr\u00f3nicos<\/span><\/a> y visita nuestro sitio web<span>.<\/span><\/p>\n<p>[\/et_pb_toggle][et_pb_toggle title=\u00bb\u00bfCu\u00e1nto conceder\u00e1 cada a\u00f1o Inatai Foundation?\u00bb open_toggle_text_color=\u00bb#363960&#8243; open_toggle_background_color=\u00bb#FFFFFF\u00bb closed_toggle_background_color=\u00bb#FFFFFF\u00bb icon_color=\u00bb#363960&#8243; toggle_icon=\u00bb&#x4c;||divi||400&#8243; use_icon_font_size=\u00bbon\u00bb icon_font_size=\u00bb32px\u00bb open_icon_color=\u00bb#363960&#8243; open_toggle_icon=\u00bb&#x4b;||divi||400&#8243; open_use_icon_font_size=\u00bbon\u00bb open_icon_font_size=\u00bb32px\u00bb _builder_version=\u00bb4.22.1&#8243; _module_preset=\u00bbdefault\u00bb title_text_color=\u00bb#363960&#8243; title_font=\u00bbSofia Sans Condensed|700|||||||\u00bb title_font_size=\u00bb26px\u00bb body_font=\u00bbSofia Sans||||||||\u00bb body_text_color=\u00bb#132027&#8243; body_font_size=\u00bb16px\u00bb body_link_font=\u00bb||||on||||\u00bb body_link_text_color=\u00bb#3A5D60&#8243; custom_margin=\u00bb||20px|||\u00bb hover_enabled=\u00bb0&#8243; border_width_all=\u00bb0px\u00bb border_width_bottom=\u00bb2px\u00bb border_color_bottom=\u00bb#A58036&#8243; global_colors_info=\u00bb{}\u00bb sticky_enabled=\u00bb0&#8243;]<\/p>\n<p><span class=\"NormalTextRun SCXW117057704 BCX4\" data-ccp-parastyle=\"heading 1\">Tenemos<span> <\/span><\/span><span class=\"NormalTextRun SCXW117057704 BCX4\" data-ccp-parastyle=\"heading 1\">previsto destinar<\/span><span class=\"NormalTextRun SCXW117057704 BCX4\" data-ccp-parastyle=\"heading 1\"><span> <\/span>m\u00e1s de 67 milones de d\u00f3lares en 2023.<\/span><\/p>\n<p>[\/et_pb_toggle][et_pb_toggle title=\u00bb\u00bfQu\u00e9 significa ser una organizaci\u00f3n 501(c)(4)?\u00bb open_toggle_text_color=\u00bb#363960&#8243; open_toggle_background_color=\u00bb#FFFFFF\u00bb closed_toggle_background_color=\u00bb#FFFFFF\u00bb icon_color=\u00bb#363960&#8243; toggle_icon=\u00bb&#x4c;||divi||400&#8243; use_icon_font_size=\u00bbon\u00bb icon_font_size=\u00bb32px\u00bb open_icon_color=\u00bb#363960&#8243; open_toggle_icon=\u00bb&#x4b;||divi||400&#8243; open_use_icon_font_size=\u00bbon\u00bb open_icon_font_size=\u00bb32px\u00bb _builder_version=\u00bb4.22.1&#8243; _module_preset=\u00bbdefault\u00bb title_text_color=\u00bb#363960&#8243; title_font=\u00bbSofia Sans Condensed|700|||||||\u00bb title_font_size=\u00bb26px\u00bb body_font=\u00bbSofia Sans||||||||\u00bb body_text_color=\u00bb#132027&#8243; body_font_size=\u00bb16px\u00bb body_link_font=\u00bb||||on||||\u00bb body_link_text_color=\u00bb#3A5D60&#8243; custom_margin=\u00bb||20px|||\u00bb hover_enabled=\u00bb0&#8243; border_width_all=\u00bb0px\u00bb border_width_bottom=\u00bb2px\u00bb border_color_bottom=\u00bb#A58036&#8243; global_colors_info=\u00bb{}\u00bb sticky_enabled=\u00bb0&#8243;]<\/p>\n<p aria-level=\"1\"><span data-contrast=\"none\">Como organizaci\u00f3n 501(c)(4), Inatai Foundation puede financiar organizaciones sin \u00e1nimo de lucro 501(c)(3), organizaciones sin \u00e1nimo de lucro 501(c)(4), otras organizaciones exentas de impuestos, tribus e incluso entidades con \u00e1nimo de lucro; siempre que las organizaciones y actividades que financiemos promuevan el \u00abbienestar social\u00bb y concuerden con nuestros fines principales. Al igual que las organizaciones 501(c)(3), tambi\u00e9n podemos participar en actividades program\u00e1ticas directas que promuevan nuestros fines, como el desarrollo de capacidades, las actividades educativas y la coordinaci\u00f3n de los programas financiados.<\/span><span data-ccp-props=\"{\" :true=\"\"><\/span><\/p>\n<p aria-level=\"1\"><span data-contrast=\"none\">Las organizaciones sin \u00e1nimo de lucro que reciben aportaciones de una organizaci\u00f3n 501(c)(4) disponen de mayor flexibilidad para llevar a cabo una serie de actividades de defensa, creaci\u00f3n de poder y pol\u00edticas.<\/span><\/p>\n<p>[\/et_pb_toggle][et_pb_toggle title=\u00bb\u00bfInatai Foundation est\u00e1 contratando personal? \u00bfOfrece entrevistas informativas?\u00bb open_toggle_text_color=\u00bb#363960&#8243; open_toggle_background_color=\u00bb#FFFFFF\u00bb closed_toggle_background_color=\u00bb#FFFFFF\u00bb icon_color=\u00bb#363960&#8243; toggle_icon=\u00bb&#x4c;||divi||400&#8243; use_icon_font_size=\u00bbon\u00bb icon_font_size=\u00bb32px\u00bb open_icon_color=\u00bb#363960&#8243; open_toggle_icon=\u00bb&#x4b;||divi||400&#8243; open_use_icon_font_size=\u00bbon\u00bb open_icon_font_size=\u00bb32px\u00bb _builder_version=\u00bb4.22.1&#8243; _module_preset=\u00bbdefault\u00bb title_text_color=\u00bb#363960&#8243; title_font=\u00bbSofia Sans Condensed|700|||||||\u00bb title_font_size=\u00bb26px\u00bb body_font=\u00bbSofia Sans||||||||\u00bb body_text_color=\u00bb#132027&#8243; body_font_size=\u00bb16px\u00bb body_link_font=\u00bb||||on||||\u00bb body_link_text_color=\u00bb#3A5D60&#8243; custom_margin=\u00bb||20px|||\u00bb hover_enabled=\u00bb0&#8243; border_width_all=\u00bb0px\u00bb border_width_bottom=\u00bb2px\u00bb border_color_bottom=\u00bb#A58036&#8243; global_colors_info=\u00bb{}\u00bb sticky_enabled=\u00bb0&#8243;]<\/p>\n<p aria-level=\"1\"><span class=\"NormalTextRun SCXW169071328 BCX4\" data-ccp-parastyle=\"heading 1\">Para obtener la informaci\u00f3n m\u00e1s reciente sobre empleos disponibles,<span> <\/span><a href=\"https:\/\/inatai.org\/join-inatai\/\" target=\"_blank\" rel=\"noopener\">visita nuestra p\u00e1gina de empleos<\/a>, suscr\u00edbete para recibir nuestros correos electr\u00f3nicos o rellena<span> <\/span><a href=\"https:\/\/apply.workable.com\/inatai\/j\/4AD1565987\/\" target=\"_blank\" rel=\"noopener\">nuestro formulario de inter\u00e9s para candidatos<\/a>. Debido a la capacidad actual<span> <\/span><\/span><span class=\"NormalTextRun SCXW169071328 BCX4\" data-ccp-parastyle=\"heading 1\">de nuestro personal<\/span><span class=\"NormalTextRun SCXW169071328 BCX4\" data-ccp-parastyle=\"heading 1\"><span> <\/span>y al n\u00famero de consultas que recibimos, no podemos responder a las solicitudes de entrevistas informativas. Adem\u00e1s, deseamos que todos los solicitantes tengan acceso a un nivel similar de informaci\u00f3n.<\/span><span class=\"NormalTextRun SCXW169071328 BCX4\" data-ccp-parastyle=\"heading 1\">.<\/span><\/p>\n<p>[\/et_pb_toggle][\/et_pb_column][\/et_pb_row][\/et_pb_section]<\/p>\n","protected":false},"excerpt":{"rendered":"<p>Get To Know Inatai | PREGUNTAS FRECUENTESPREGUNTAS FRECUENTESLa mejor manera de ponerte en contacto con nosotros es enviando un mensaje a hello@inatai.org. Tu mensaje ser\u00e1 reenviado a la persona m\u00e1s indicada para responder a tu solicitud. Respondemos a todos los mensajes que recibimos. Si no tienes acceso a correo electr\u00f3nico, ll\u00e1manos gratuitamente al (866) 389-5532. Si formas parte de alg\u00fan medio de comunicaci\u00f3n, por favor env\u00eda un mensaje a communications@inatai.org.Inatai se pronuncia tal como se escribe. You can hear how to say it here. Inatai is a Chinuk Wawa word that means \u201cacross\u201d or \u201cother side.\u201d Al nombrar nuestra fundaci\u00f3n de esta manera, expresamos nuestra creencia de que las comunidades poderosas que trabajan juntas har\u00e1n avanzar a nuestro estado hacia una mayor equidad y justicia. La Naci\u00f3n Chinook, heredera del pueblo chinookan de la desembocadura del r\u00edo Columbia, donde se origina la lengua Chinuk Wawa, nos permiti\u00f3 adoptar la palabra Inatai como nuestro nombre. En agradecimiento, mientras seamos Inatai Foundation, seguiremos aportando una contribuci\u00f3n anual a la Naci\u00f3n Chinook. &nbsp; <div class=\"et_pb_section et_pb_section_0 et_section_regular\" >\n\t\t\t\t\n\t\t\t\t\n\t\t\t\t\n\t\t\t\t\n\t\t\t\t\n\t\t\t\t\n\t\t\t\t\n\t\t\t\t\n\t\t\t\t\n\t\t\t<\/div>La fundaci\u00f3n se cre\u00f3 a partir de los beneficios obtenidos cuando Kaiser Permanente adquiri\u00f3 Group Health Cooperative. Desde el principio, nos trazamos tres objetivos: tener un alcance a nivel [&hellip;]<\/p>\n","protected":false},"author":2,"featured_media":0,"parent":0,"menu_order":0,"comment_status":"closed","ping_status":"closed","template":"","meta":{"_acf_changed":false,"_et_pb_use_builder":"on","_et_pb_old_content":"","_et_gb_content_width":"","inline_featured_image":false,"footnotes":""},"class_list":["post-11369","page","type-page","status-publish","hentry"],"acf":[],"_links":{"self":[{"href":"https:\/\/inatai.org\/es\/wp-json\/wp\/v2\/pages\/11369","targetHints":{"allow":["GET"]}}],"collection":[{"href":"https:\/\/inatai.org\/es\/wp-json\/wp\/v2\/pages"}],"about":[{"href":"https:\/\/inatai.org\/es\/wp-json\/wp\/v2\/types\/page"}],"author":[{"embeddable":true,"href":"https:\/\/inatai.org\/es\/wp-json\/wp\/v2\/users\/2"}],"replies":[{"embeddable":true,"href":"https:\/\/inatai.org\/es\/wp-json\/wp\/v2\/comments?post=11369"}],"version-history":[{"count":0,"href":"https:\/\/inatai.org\/es\/wp-json\/wp\/v2\/pages\/11369\/revisions"}],"wp:attachment":[{"href":"https:\/\/inatai.org\/es\/wp-json\/wp\/v2\/media?parent=11369"}],"curies":[{"name":"wp","href":"https:\/\/api.w.org\/{rel}","templated":true}]}}