{"id":14641,"date":"2025-11-05T14:48:15","date_gmt":"2025-11-05T22:48:15","guid":{"rendered":"https:\/\/inatai.org\/?page_id=14641"},"modified":"2025-12-18T12:46:41","modified_gmt":"2025-12-18T20:46:41","slug":"portal-access","status":"publish","type":"page","link":"https:\/\/inatai.org\/es\/portal-access\/","title":{"rendered":"Acceso del Portal"},"content":{"rendered":"<p>[et_pb_section fb_built=\u00bb1&#8243; admin_label=\u00bbTBVS &#8211; Dark &#8211; Header 21&#8243; module_class=\u00bbtbvs-section-dark\u00bb _builder_version=\u00bb4.27.4&#8243; _module_preset=\u00bbdefault\u00bb background_enable_color=\u00bboff\u00bb background_image=\u00bbhttps:\/\/inatai.org\/wp-content\/uploads\/2025\/11\/Inatai-Waters-Meet-Spokane-2025-crop.jpg\u00bb background_position=\u00bbbottom_center\u00bb min_height=\u00bb60vh\u00bb min_height_tablet=\u00bb360px\u00bb min_height_phone=\u00bb240px\u00bb min_height_last_edited=\u00bbon|tablet\u00bb custom_padding=\u00bb3%||3%||true|false\u00bb locked=\u00bboff\u00bb global_colors_info=\u00bb{}\u00bb][\/et_pb_section][et_pb_section fb_built=\u00bb1&#8243; admin_label=\u00bbTBVS &#8211; Dark &#8211; Header 21&#8243; module_class=\u00bbtbvs-section-dark\u00bb _builder_version=\u00bb4.22.1&#8243; _module_preset=\u00bbdefault\u00bb background_enable_color=\u00bboff\u00bb background_image=\u00bbhttps:\/\/inatai.org\/wp-content\/uploads\/2023\/06\/Blue_Pattern_Seamless-scaled.jpg\u00bb background_position=\u00bbcenter_right\u00bb custom_padding=\u00bb3%||3%||true|false\u00bb locked=\u00bboff\u00bb global_colors_info=\u00bb{}\u00bb][et_pb_row _builder_version=\u00bb4.21.0&#8243; _module_preset=\u00bbdefault\u00bb width=\u00bb90%\u00bb max_width=\u00bb100%\u00bb custom_padding=\u00bb||||false|false\u00bb animation_style=\u00bbslide\u00bb animation_direction=\u00bbleft\u00bb animation_duration=\u00bb2000ms\u00bb animation_intensity_slide=\u00bb2%\u00bb global_colors_info=\u00bb{}\u00bb][et_pb_column type=\u00bb4_4&#8243; _builder_version=\u00bb4.16&#8243; _module_preset=\u00bbdefault\u00bb global_colors_info=\u00bb{}\u00bb][et_pb_text _builder_version=\u00bb4.27.4&#8243; _module_preset=\u00bbdefault\u00bb header_3_text_color=\u00bb#CEE1CE\u00bb background_layout=\u00bbdark\u00bb max_width=\u00bb750px\u00bb custom_margin=\u00bb||5px||false|false\u00bb global_colors_info=\u00bb{}\u00bb]<\/p>\n<h3>Recursos<span style=\"color: #a58036;\"> | <\/span>Acceso del Portal<\/h3>\n<p>[\/et_pb_text][et_pb_text _builder_version=\u00bb4.27.5&#8243; _module_preset=\u00bbdefault\u00bb header_text_color=\u00bb#FFFFFF\u00bb background_layout=\u00bbdark\u00bb max_width=\u00bb900px\u00bb custom_margin=\u00bb||2%||false|false\u00bb custom_padding=\u00bb||||false|false\u00bb global_colors_info=\u00bb{}\u00bb]<\/p>\n<h1>Presentando un nuevo portal para manejar tus fondos y m\u00e1s<\/h1>\n<p>[\/et_pb_text][et_pb_text _builder_version=\u00bb4.27.4&#8243; _module_preset=\u00bbdefault\u00bb text_font=\u00bb||||||||\u00bb text_text_color=\u00bb#FFFFFF\u00bb header_3_font=\u00bbMontserrat|800|||||||\u00bb header_3_text_color=\u00bb#181818&#8243; header_3_font_size=\u00bb20px\u00bb header_4_font=\u00bbPT Serif|700|||||||\u00bb max_width=\u00bb760px\u00bb custom_margin=\u00bb||||false|false\u00bb custom_padding=\u00bb||||false|false\u00bb animation_direction=\u00bbleft\u00bb custom_css_free_form=\u00bbselector a {color: white; text-decoration: underline;}\u00bb global_colors_info=\u00bb{}\u00bb]Hemos hecho el proceso para solicitar, reportar y manejar tus fondos m\u00e1s f\u00e1cil que nunca con Inatai. Nuestro nuevo portal es f\u00e1cil de usar, es un lugar central que puedes usar para enviar tus solicitudes y reportes, monitorear tu historial de fondos, actualizar la informaci\u00f3n de tu organizaci\u00f3n, comunicarte con nuestro equipo de otorgamiento de fondos, hacer una reservaci\u00f3n en nuestra oficina en Seattle y m\u00e1s.  <a href=\"https:\/\/heyinatai.my.site.com\/grants\/s\/?language=en_US\" target=\"_blank\" rel=\"noopener\">El portal tambi\u00e9n est\u00e1 disponible en ingl\u00e9s.<\/a>[\/et_pb_text][et_pb_button button_url=\u00bbhttps:\/\/heyinatai.my.site.com\/grants\/s\/?language=en_US\u00bb url_new_window=\u00bbon\u00bb button_text=\u00bbINGRESA AL PORTAL\u00bb admin_label=\u00bbbutton &#8211; login to portal\u00bb _builder_version=\u00bb4.27.4&#8243; _module_preset=\u00bbdefault\u00bb button_text_color=\u00bb#3A5D60&#8243; button_bg_color=\u00bb#FFFFFF\u00bb button_font=\u00bb|800||on|||||\u00bb global_colors_info=\u00bb{}\u00bb][\/et_pb_button][\/et_pb_column][\/et_pb_row][\/et_pb_section][et_pb_section fb_built=\u00bb1&#8243; _builder_version=\u00bb4.27.5&#8243; _module_preset=\u00bbdefault\u00bb global_colors_info=\u00bb{}\u00bb][et_pb_row _builder_version=\u00bb4.27.5&#8243; _module_preset=\u00bbdefault\u00bb][et_pb_column _builder_version=\u00bb4.27.5&#8243; _module_preset=\u00bbdefault\u00bb type=\u00bb4_4&#8243;][et_pb_text _builder_version=\u00bb4.27.5&#8243; _module_preset=\u00bbdefault\u00bb hover_enabled=\u00bb0&#8243; sticky_enabled=\u00bb0&#8243; custom_padding=\u00bb||||false|false\u00bb custom_margin=\u00bb||0px||false|false\u00bb]<\/p>\n<h2>HAZ UN RECORRIDO POR EL PORTAL<\/h2>\n<p>[\/et_pb_text][et_pb_divider _builder_version=\u00bb4.27.5&#8243; _module_preset=\u00bbdefault\u00bb color=\u00bb#A58036&#8243; width=\u00bb70%\u00bb hover_enabled=\u00bb0&#8243; sticky_enabled=\u00bb0&#8243; custom_padding=\u00bb||||false|false\u00bb custom_margin=\u00bb||0px||false|false\u00bb][\/et_pb_divider][et_pb_text _builder_version=\u00bb4.27.5&#8243; _module_preset=\u00bbdefault\u00bb hover_enabled=\u00bb0&#8243; sticky_enabled=\u00bb0&#8243;]<\/p>\n<p>\u00danete al Oficial de Programas Mayor, Rub\u00e9n Peralta, en un recorrido de nuestro portal nuevo mientras nos gu\u00eda en c\u00f3mo crear una cuenta, enviar solicitudes, reservar espacio para eventos y monitorear el historial de fondos otorgados.<\/p>\n<p>[\/et_pb_text][\/et_pb_column][\/et_pb_row][et_pb_row _builder_version=\u00bb4.27.5&#8243; _module_preset=\u00bbdefault\u00bb hover_enabled=\u00bb0&#8243; global_colors_info=\u00bb{}\u00bb custom_margin=\u00bb||||false|false\u00bb custom_padding=\u00bb0px||||false|false\u00bb sticky_enabled=\u00bb0&#8243;][et_pb_column type=\u00bb4_4&#8243; _builder_version=\u00bb4.27.5&#8243; _module_preset=\u00bbdefault\u00bb global_colors_info=\u00bb{}\u00bb][et_pb_code _builder_version=\u00bb4.27.5&#8243; _module_preset=\u00bbdefault\u00bb box_shadow_style=\u00bbpreset2&#8243; global_colors_info=\u00bb{}\u00bb]<iframe loading=\"lazy\" title=\"vimeo-player\" src=\"https:\/\/player.vimeo.com\/video\/1147474463?h=44f014cd54\" width=\"640\" height=\"360\" frameborder=\"0\" referrerpolicy=\"strict-origin-when-cross-origin\" allow=\"autoplay; fullscreen; picture-in-picture; clipboard-write; encrypted-media; web-share\"   allowfullscreen><\/iframe>[\/et_pb_code][\/et_pb_column][\/et_pb_row][\/et_pb_section]<\/p>\n","protected":false},"excerpt":{"rendered":"<p>Recursos | Acceso del PortalPresentando un nuevo portal para manejar tus fondos y m\u00e1sHemos hecho el proceso para solicitar, reportar y manejar tus fondos m\u00e1s f\u00e1cil que nunca con Inatai. Nuestro nuevo portal es f\u00e1cil de usar, es un lugar central que puedes usar para enviar tus solicitudes y reportes, monitorear tu historial de fondos, actualizar la informaci\u00f3n de tu organizaci\u00f3n, comunicarte con nuestro equipo de otorgamiento de fondos, hacer una reservaci\u00f3n en nuestra oficina en Seattle y m\u00e1s. El portal tambi\u00e9n est\u00e1 disponible en ingl\u00e9s.HAZ UN RECORRIDO POR EL PORTAL\u00danete al Oficial de Programas Mayor, Rub\u00e9n Peralta, en un recorrido de nuestro portal nuevo mientras nos gu\u00eda en c\u00f3mo crear una cuenta, enviar solicitudes, reservar espacio para eventos y monitorear el historial de fondos otorgados.<\/p>\n","protected":false},"author":23,"featured_media":14639,"parent":0,"menu_order":0,"comment_status":"closed","ping_status":"closed","template":"","meta":{"_acf_changed":false,"_et_pb_use_builder":"on","_et_pb_old_content":"","_et_gb_content_width":"","inline_featured_image":false,"footnotes":""},"class_list":["post-14641","page","type-page","status-publish","has-post-thumbnail","hentry"],"acf":[],"_links":{"self":[{"href":"https:\/\/inatai.org\/es\/wp-json\/wp\/v2\/pages\/14641","targetHints":{"allow":["GET"]}}],"collection":[{"href":"https:\/\/inatai.org\/es\/wp-json\/wp\/v2\/pages"}],"about":[{"href":"https:\/\/inatai.org\/es\/wp-json\/wp\/v2\/types\/page"}],"author":[{"embeddable":true,"href":"https:\/\/inatai.org\/es\/wp-json\/wp\/v2\/users\/23"}],"replies":[{"embeddable":true,"href":"https:\/\/inatai.org\/es\/wp-json\/wp\/v2\/comments?post=14641"}],"version-history":[{"count":0,"href":"https:\/\/inatai.org\/es\/wp-json\/wp\/v2\/pages\/14641\/revisions"}],"wp:featuredmedia":[{"embeddable":true,"href":"https:\/\/inatai.org\/es\/wp-json\/wp\/v2\/media\/14639"}],"wp:attachment":[{"href":"https:\/\/inatai.org\/es\/wp-json\/wp\/v2\/media?parent=14641"}],"curies":[{"name":"wp","href":"https:\/\/api.w.org\/{rel}","templated":true}]}}